{"id":52,"date":"2017-01-06T10:44:05","date_gmt":"2017-01-06T09:44:05","guid":{"rendered":"http:\/\/branchen.website-preise.de\/physiotherapie\/?page_id=52"},"modified":"2018-06-29T09:48:06","modified_gmt":"2018-06-29T07:48:06","slug":"kontakt","status":"publish","type":"page","link":"https:\/\/branchen.website-preise.de\/physiotherapie\/kontakt\/","title":{"rendered":"Kontakt"},"content":{"rendered":"<p>[et_pb_section bb_built=&#8220;1&#8243; fullwidth=&#8220;off&#8220; specialty=&#8220;off&#8220; transparent_background=&#8220;off&#8220; allow_player_pause=&#8220;off&#8220; inner_shadow=&#8220;off&#8220; parallax=&#8220;off&#8220; parallax_method=&#8220;off&#8220; make_fullwidth=&#8220;off&#8220; use_custom_width=&#8220;off&#8220; width_unit=&#8220;on&#8220; make_equal=&#8220;off&#8220; use_custom_gutter=&#8220;off&#8220; background_color=&#8220;rgba(255,255,255,0)&#8220; next_background_color=&#8220;#ffffff&#8220; global_module=&#8220;322&#8243;][et_pb_row admin_label=&#8220;row&#8220; global_parent=&#8220;322&#8243; make_fullwidth=&#8220;off&#8220; use_custom_width=&#8220;off&#8220; width_unit=&#8220;on&#8220; use_custom_gutter=&#8220;off&#8220; custom_padding=&#8220;0px||0px|&#8220; allow_player_pause=&#8220;off&#8220; parallax=&#8220;off&#8220; parallax_method=&#8220;off&#8220; make_equal=&#8220;off&#8220; parallax_1=&#8220;off&#8220; parallax_method_1=&#8220;off&#8220; background_color=&#8220;rgba(255,255,255,0)&#8220; background_position=&#8220;top_left&#8220; background_repeat=&#8220;repeat&#8220; background_size=&#8220;initial&#8220;][et_pb_column type=&#8220;4_4&#8243;][et_pb_image global_parent=&#8220;322&#8243; src=&#8220;https:\/\/branchen.website-preise.de\/physiotherapie\/wp-content\/uploads\/sites\/5\/2016\/04\/logo_oben.jpg&#8220; show_in_lightbox=&#8220;off&#8220; url_new_window=&#8220;off&#8220; use_overlay=&#8220;off&#8220; animation=&#8220;top&#8220; sticky=&#8220;off&#8220; align=&#8220;center&#8220; force_fullwidth=&#8220;off&#8220; always_center_on_mobile=&#8220;on&#8220; use_border_color=&#8220;off&#8220; border_color=&#8220;#ffffff&#8220; border_style=&#8220;solid&#8220; animation_style=&#8220;slide&#8220; animation_duration=&#8220;500ms&#8220; animation_intensity_slide=&#8220;10%&#8220; animation_direction=&#8220;top&#8220; show_bottom_space=&#8220;on&#8220; \/][\/et_pb_column][\/et_pb_row][\/et_pb_section][et_pb_section bb_built=&#8220;1&#8243; admin_label=&#8220;section&#8220; prev_background_color=&#8220;rgba(255,255,255,0)&#8220; next_background_color=&#8220;#3e3e3e&#8220;][et_pb_row admin_label=&#8220;row&#8220; background_position=&#8220;top_left&#8220; background_repeat=&#8220;repeat&#8220; background_size=&#8220;initial&#8220;][et_pb_column type=&#8220;4_4&#8243;][et_pb_text background_layout=&#8220;light&#8220; text_orientation=&#8220;left&#8220; text_font=&#8220;Times New Roman|on||on|&#8220; text_font_size=&#8220;30&#8243; text_text_color=&#8220;#3e3e3e&#8220; use_border_color=&#8220;off&#8220; border_color=&#8220;#ffffff&#8220; border_style=&#8220;solid&#8220; background_position=&#8220;top_left&#8220; background_repeat=&#8220;repeat&#8220; background_size=&#8220;initial&#8220;]<\/p>\n<p>Treten wir in Kontakt<\/p>\n<p>[\/et_pb_text][et_pb_code _builder_version=&#8220;3.9&#8243;]&lt;iframe src=&#8220;https:\/\/www.google.com\/maps\/embed?pb=!1m18!1m12!1m3!1d2433.6429358546447!2d13.394324316114243!3d52.41314725189446!2m3!1f0!2f0!3f0!3m2!1i1024!2i768!4f13.1!3m3!1m2!1s0x47a844e286fd9de5%3A0x3cd7e7883883c5e6!2swtm-online+Internetagentur!5e0!3m2!1sde!2sde!4v1530257710747&#8243; width=&#8220;2900&#8243; height=&#8220;500&#8243; frameborder=&#8220;0&#8243; style=&#8220;border:0&#8243; allowfullscreen&gt;&lt;\/iframe&gt;[\/et_pb_code][et_pb_text background_layout=&#8220;light&#8220; text_orientation=&#8220;left&#8220; use_border_color=&#8220;off&#8220; border_color=&#8220;#ffffff&#8220; border_style=&#8220;solid&#8220; background_position=&#8220;top_left&#8220; background_repeat=&#8220;repeat&#8220; background_size=&#8220;initial&#8220;]<\/p>\n<p>Cum sociis natoque enatibus et magnis dis parturient montes ascetur ridiculus mus. Nulla dui. Fusce feugiat malesuada odio. Morbi nunc odio gravida at cursus nec luctus a lorem. Maecenas tristique orci ac sem. Duis ultricies pharetra magna. Donec accumsan malesuada orci. Donec sit amet eros. Lorem ipsum dolor sit amet, consectetuer adipiscing elit. Mauris fermentum dictum magna. Sed laoreet aliquam leo. Ut tellus dolor, dapibus eget, elementum vel, cursus eleifend, elit. Aenean auctor wisi et urna. Aliquam erat volutpat. Duis ac turpis. Integer rutrum ante eu lacus.<\/p>\n<p>[\/et_pb_text][\/et_pb_column][\/et_pb_row][\/et_pb_section][et_pb_section bb_built=&#8220;1&#8243; fullwidth=&#8220;off&#8220; specialty=&#8220;off&#8220; transparent_background=&#8220;off&#8220; background_color=&#8220;#3e3e3e&#8220; allow_player_pause=&#8220;off&#8220; inner_shadow=&#8220;off&#8220; parallax=&#8220;off&#8220; parallax_method=&#8220;off&#8220; make_fullwidth=&#8220;off&#8220; use_custom_width=&#8220;off&#8220; width_unit=&#8220;on&#8220; make_equal=&#8220;off&#8220; use_custom_gutter=&#8220;off&#8220; prev_background_color=&#8220;#ffffff&#8220; next_background_color=&#8220;#000000&#8243;][et_pb_row make_fullwidth=&#8220;off&#8220; use_custom_width=&#8220;off&#8220; width_unit=&#8220;on&#8220; use_custom_gutter=&#8220;off&#8220; custom_padding=&#8220;25px|25px|25px|25px&#8220; background_color=&#8220;#535353&#8243; allow_player_pause=&#8220;off&#8220; parallax=&#8220;off&#8220; parallax_method=&#8220;off&#8220; make_equal=&#8220;off&#8220; parallax_1=&#8220;off&#8220; parallax_method_1=&#8220;off&#8220; parallax_2=&#8220;off&#8220; parallax_method_2=&#8220;off&#8220; background_position=&#8220;top_left&#8220; background_repeat=&#8220;repeat&#8220; background_size=&#8220;initial&#8220;][et_pb_column type=&#8220;1_3&#8243;][et_pb_text background_layout=&#8220;dark&#8220; text_orientation=&#8220;left&#8220; text_font=&#8220;Times New Roman|on||on|&#8220; text_font_size=&#8220;30&#8243; text_text_color=&#8220;#ffffff&#8220; use_border_color=&#8220;off&#8220; border_color=&#8220;#ffffff&#8220; border_style=&#8220;solid&#8220; background_position=&#8220;top_left&#8220; background_repeat=&#8220;repeat&#8220; background_size=&#8220;initial&#8220;]<\/p>\n<p>Adresse<\/p>\n<p>[\/et_pb_text][et_pb_text background_layout=&#8220;dark&#8220; text_orientation=&#8220;left&#8220; use_border_color=&#8220;off&#8220; border_color=&#8220;#ffffff&#8220; border_style=&#8220;solid&#8220; background_position=&#8220;top_left&#8220; background_repeat=&#8220;repeat&#8220; background_size=&#8220;initial&#8220;]<\/p>\n<h4>Adresse 1:<\/h4>\n<p><span style=\"color: #909090;\">Der Praxis Name.<br \/>\n8901 Berliner Stra\u00dfe 1, Berlin, D04 89GR.<\/span><\/p>\n<p>[\/et_pb_text][et_pb_text background_layout=&#8220;dark&#8220; text_orientation=&#8220;left&#8220; use_border_color=&#8220;off&#8220; border_color=&#8220;#ffffff&#8220; border_style=&#8220;solid&#8220; background_position=&#8220;top_left&#8220; background_repeat=&#8220;repeat&#8220; background_size=&#8220;initial&#8220;]<\/p>\n<h4>Telefon:<\/h4>\n<p><span style=\"color: #909090;\">+49 800 559 6580<br \/>\n(030)742005 19<\/span><\/p>\n<p>[\/et_pb_text][\/et_pb_column][et_pb_column type=&#8220;2_3&#8243;][et_pb_text background_layout=&#8220;dark&#8220; text_orientation=&#8220;left&#8220; text_font=&#8220;Times New Roman|on||on|&#8220; text_font_size=&#8220;30&#8243; text_text_color=&#8220;#ffffff&#8220; use_border_color=&#8220;off&#8220; border_color=&#8220;#ffffff&#8220; border_style=&#8220;solid&#8220; background_position=&#8220;top_left&#8220; background_repeat=&#8220;repeat&#8220; background_size=&#8220;initial&#8220;]<\/p>\n<p>Kontaktformular<\/p>\n<p>[\/et_pb_text][et_pb_contact_form use_border_color=&#8220;off&#8220; custom_button=&#8220;on&#8220; form_background_color=&#8220;#484848&#8243; form_field_text_color=&#8220;#909090&#8243; button_text_color=&#8220;#de8926&#8243; custom_css_main_element=&#8220;-webkit-filter: grayscale(1);||||||filter: grayscale(1);||&#8220; email=&#8220;wtmonline@gmail.com&#8220; border_radii=&#8220;on|0px|0px|0px|0px&#8220; _builder_version=&#8220;3.5.1&#8243;][et_pb_contact_field field_title=&#8220;Vorname&#8220; field_type=&#8220;input&#8220; field_id=&#8220;Vorname&#8220; required_mark=&#8220;on&#8220; fullwidth_field=&#8220;off&#8220; form_field_font_select=&#8220;default&#8220; form_field_font=&#8220;||||&#8220; use_border_color=&#8220;off&#8220; border_style=&#8220;solid&#8220; _builder_version=&#8220;3.5.1&#8243; \/][et_pb_contact_field field_id=&#8220;Nachname&#8220; field_title=&#8220;Nachname&#8220; field_type=&#8220;input&#8220; required_mark=&#8220;on&#8220; fullwidth_field=&#8220;off&#8220; form_field_font_select=&#8220;default&#8220; form_field_font=&#8220;||||&#8220; use_border_color=&#8220;off&#8220; border_style=&#8220;solid&#8220; _builder_version=&#8220;3.5.1&#8243; \/][et_pb_contact_field field_title=&#8220;Email Adresse&#8220; field_type=&#8220;email&#8220; field_id=&#8220;E-Mail&#8220; required_mark=&#8220;on&#8220; fullwidth_field=&#8220;off&#8220; form_field_font_select=&#8220;default&#8220; form_field_font=&#8220;||||&#8220; use_border_color=&#8220;off&#8220; border_style=&#8220;solid&#8220; _builder_version=&#8220;3.5.1&#8243; \/][et_pb_contact_field field_id=&#8220;Betreff&#8220; field_title=&#8220;Betreff&#8220; field_type=&#8220;input&#8220; required_mark=&#8220;on&#8220; fullwidth_field=&#8220;off&#8220; form_field_font_select=&#8220;default&#8220; form_field_font=&#8220;||||&#8220; use_border_color=&#8220;off&#8220; border_style=&#8220;solid&#8220; _builder_version=&#8220;3.5.1&#8243; \/][et_pb_contact_field field_title=&#8220;Nachricht&#8220; field_type=&#8220;text&#8220; field_id=&#8220;Nachricht&#8220; required_mark=&#8220;on&#8220; fullwidth_field=&#8220;on&#8220; form_field_font_select=&#8220;default&#8220; form_field_font=&#8220;||||&#8220; use_border_color=&#8220;off&#8220; border_style=&#8220;solid&#8220; _builder_version=&#8220;3.5.1&#8243; \/][et_pb_contact_field _builder_version=&#8220;3.5.1&#8243; field_id=&#8220;datenschutz&#8220; field_title=&#8220;Datenschutzerkl\u00e4rung gelesen?&#8220; field_type=&#8220;checkbox&#8220; checkbox_checked=&#8220;off&#8220; checkbox_options=&#8220;%91{%22value%22:%22Ja%22,%22checked%22:0}%93&#8243; radio_options=&#8220;%91{%22value%22:%22%22,%22checked%22:0}%93&#8243; select_options=&#8220;%91{%22value%22:%22%22,%22checked%22:0}%93&#8243; min_length=&#8220;0&#8243; max_length=&#8220;0&#8243; allowed_symbols=&#8220;all&#8220; required_mark=&#8220;on&#8220; conditional_logic=&#8220;off&#8220; conditional_logic_relation=&#8220;off&#8220; conditional_logic_rules=&#8220;%91{%22field%22:%22vorname%22,%22condition%22:%22is%22,%22value%22:%22%22}%93&#8243; use_background_color_gradient=&#8220;off&#8220; background_color_gradient_start=&#8220;#2b87da&#8220; background_color_gradient_end=&#8220;#29c4a9&#8243; background_color_gradient_type=&#8220;linear&#8220; background_color_gradient_direction=&#8220;180deg&#8220; background_color_gradient_direction_radial=&#8220;center&#8220; background_color_gradient_start_position=&#8220;0%&#8220; background_color_gradient_end_position=&#8220;100%&#8220; background_color_gradient_overlays_image=&#8220;off&#8220; parallax=&#8220;off&#8220; parallax_method=&#8220;on&#8220; background_size=&#8220;cover&#8220; background_position=&#8220;center&#8220; background_repeat=&#8220;no-repeat&#8220; background_blend=&#8220;normal&#8220; allow_player_pause=&#8220;off&#8220; background_video_pause_outside_viewport=&#8220;on&#8220; fullwidth_field=&#8220;off&#8220; form_field_text_shadow_style=&#8220;none&#8220; border_radii=&#8220;on||||&#8220; box_shadow_style=&#8220;none&#8220; \/][\/et_pb_contact_form][et_pb_text _builder_version=&#8220;3.5.1&#8243;]<\/p>\n<p>* Ich habe die <a href=\"\/datenschutz\/\">Datenschutzerkl\u00e4rung<\/a> zur Kenntnis genommen. Ich stimme zu, dass meine Angaben zur Kontaktaufnahme und f\u00fcr R\u00fcckfragen dauerhaft gespeichert werden. Sie k\u00f6nnen Ihre Einwilligung jederzeit f\u00fcr die Zukunft per Mail an info@wtm-online.de widerrufen.<\/p>\n<p>[\/et_pb_text][\/et_pb_column][\/et_pb_row][\/et_pb_section][et_pb_section bb_built=&#8220;1&#8243; fullwidth=&#8220;off&#8220; specialty=&#8220;off&#8220; transparent_background=&#8220;off&#8220; background_color=&#8220;#3e3e3e&#8220; allow_player_pause=&#8220;off&#8220; inner_shadow=&#8220;off&#8220; parallax=&#8220;off&#8220; parallax_method=&#8220;off&#8220; make_fullwidth=&#8220;off&#8220; use_custom_width=&#8220;off&#8220; width_unit=&#8220;on&#8220; make_equal=&#8220;off&#8220; use_custom_gutter=&#8220;off&#8220; prev_background_color=&#8220;#000000&#8243; global_module=&#8220;324&#8243;][et_pb_row admin_label=&#8220;row&#8220; global_parent=&#8220;324&#8243; make_fullwidth=&#8220;off&#8220; use_custom_width=&#8220;off&#8220; width_unit=&#8220;on&#8220; use_custom_gutter=&#8220;off&#8220; allow_player_pause=&#8220;off&#8220; parallax=&#8220;off&#8220; parallax_method=&#8220;off&#8220; make_equal=&#8220;off&#8220; parallax_1=&#8220;off&#8220; parallax_method_1=&#8220;off&#8220; background_position=&#8220;top_left&#8220; background_repeat=&#8220;repeat&#8220; background_size=&#8220;initial&#8220;][et_pb_column type=&#8220;4_4&#8243;][et_pb_image global_parent=&#8220;324&#8243; src=&#8220;https:\/\/branchen.website-preise.de\/physiotherapie\/wp-content\/uploads\/sites\/5\/2016\/04\/logo_unten.jpg&#8220; show_in_lightbox=&#8220;off&#8220; url_new_window=&#8220;off&#8220; use_overlay=&#8220;off&#8220; animation=&#8220;bottom&#8220; sticky=&#8220;off&#8220; align=&#8220;center&#8220; force_fullwidth=&#8220;off&#8220; always_center_on_mobile=&#8220;on&#8220; use_border_color=&#8220;off&#8220; border_color=&#8220;#ffffff&#8220; border_style=&#8220;solid&#8220; background_position=&#8220;top_left&#8220; background_repeat=&#8220;repeat&#8220; background_size=&#8220;initial&#8220; animation_style=&#8220;slide&#8220; animation_duration=&#8220;500ms&#8220; animation_intensity_slide=&#8220;10%&#8220; animation_direction=&#8220;bottom&#8220; show_bottom_space=&#8220;on&#8220; \/][et_pb_text global_parent=&#8220;324&#8243; background_layout=&#8220;light&#8220; text_orientation=&#8220;left&#8220; use_border_color=&#8220;off&#8220; border_color=&#8220;#ffffff&#8220; border_style=&#8220;solid&#8220; background_position=&#8220;top_left&#8220; background_repeat=&#8220;repeat&#8220; background_size=&#8220;initial&#8220;]<\/p>\n<p style=\"text-align: center;\">\u00a9 2017<br \/>\n<a href=\"\/physiotherapie\/imprint\"><span style=\"color: #5a5959;\">Impressum<\/span><\/a> | <a href=\"\/physiotherapie\/datenschutzerklaerung\"><span style=\"color: #5a5959;\">Datenschutz<\/span><\/a><\/p>\n<p>[\/et_pb_text][\/et_pb_column][\/et_pb_row][\/et_pb_section]<\/p>\n","protected":false},"excerpt":{"rendered":"<p>Treten wir in Kontakt Cum sociis natoque enatibus et magnis dis parturient montes ascetur ridiculus mus. Nulla dui. Fusce feugiat malesuada odio. Morbi nunc odio gravida at cursus nec luctus a lorem. Maecenas tristique orci ac sem. Duis ultricies pharetra magna. Donec accumsan malesuada orci. Donec sit amet eros. Lorem ipsum dolor sit amet, consectetuer [&hellip;]<\/p>\n","protected":false},"author":1,"featured_media":0,"parent":0,"menu_order":0,"comment_status":"closed","ping_status":"closed","template":"","meta":{"_et_pb_use_builder":"on","_et_pb_old_content":"","_et_gb_content_width":"","_wp_rev_ctl_limit":""},"_links":{"self":[{"href":"https:\/\/branchen.website-preise.de\/physiotherapie\/wp-json\/wp\/v2\/pages\/52"}],"collection":[{"href":"https:\/\/branchen.website-preise.de\/physiotherapie\/wp-json\/wp\/v2\/pages"}],"about":[{"href":"https:\/\/branchen.website-preise.de\/physiotherapie\/wp-json\/wp\/v2\/types\/page"}],"author":[{"embeddable":true,"href":"https:\/\/branchen.website-preise.de\/physiotherapie\/wp-json\/wp\/v2\/users\/1"}],"replies":[{"embeddable":true,"href":"https:\/\/branchen.website-preise.de\/physiotherapie\/wp-json\/wp\/v2\/comments?post=52"}],"version-history":[{"count":10,"href":"https:\/\/branchen.website-preise.de\/physiotherapie\/wp-json\/wp\/v2\/pages\/52\/revisions"}],"predecessor-version":[{"id":25543,"href":"https:\/\/branchen.website-preise.de\/physiotherapie\/wp-json\/wp\/v2\/pages\/52\/revisions\/25543"}],"wp:attachment":[{"href":"https:\/\/branchen.website-preise.de\/physiotherapie\/wp-json\/wp\/v2\/media?parent=52"}],"curies":[{"name":"wp","href":"https:\/\/api.w.org\/{rel}","templated":true}]}}