{"id":3545,"date":"2018-01-25T22:13:30","date_gmt":"2018-01-25T21:13:30","guid":{"rendered":"https:\/\/branchen.website-preise.de\/fahrschule\/?page_id=3545"},"modified":"2018-07-03T16:21:09","modified_gmt":"2018-07-03T14:21:09","slug":"kontakt","status":"publish","type":"page","link":"https:\/\/branchen.website-preise.de\/fahrschule\/kontakt\/","title":{"rendered":"Kontakt"},"content":{"rendered":"<p>[et_pb_section fb_built=&#8220;1&#8243; _builder_version=&#8220;3.9&#8243; use_background_color_gradient=&#8220;on&#8220; background_color_gradient_start=&#8220;#000000&#8243; background_color_gradient_end=&#8220;rgba(0,0,0,0)&#8220; background_color_gradient_direction=&#8220;90deg&#8220; background_color_gradient_overlays_image=&#8220;on&#8220; background_image=&#8220;https:\/\/branchen.website-preise.de\/fahrschule\/wp-content\/uploads\/sites\/13\/2018\/03\/fahrschule-vorlage.jpg&#8220;][et_pb_row _builder_version=&#8220;3.0.48&#8243; background_size=&#8220;initial&#8220; background_position=&#8220;top_left&#8220; background_repeat=&#8220;repeat&#8220;][et_pb_column type=&#8220;1_2&#8243; _builder_version=&#8220;3.0.47&#8243; parallax=&#8220;off&#8220; parallax_method=&#8220;on&#8220;][et_pb_text admin_label=&#8220;Title&#8220; _builder_version=&#8220;3.0.106&#8243; text_font=&#8220;||||||||&#8220; header_font=&#8220;Poppins|600|||||||&#8220; header_font_size=&#8220;60px&#8220; header_font_size_phone=&#8220;40px&#8220; header_font_size_last_edited=&#8220;on|phone&#8220; header_line_height=&#8220;1.2em&#8220; header_2_font=&#8220;||||||||&#8220; background_layout=&#8220;dark&#8220; custom_margin=&#8220;||20px|&#8220; custom_padding=&#8220;|||&#8220; animation_style=&#8220;fade&#8220;]<\/p>\n<h1>Lerne uns kennen<\/h1>\n<p>[\/et_pb_text][et_pb_text admin_label=&#8220;Page Subtitle&#8220; _builder_version=&#8220;3.9&#8243; text_font=&#8220;Poppins||||||||&#8220; text_font_size=&#8220;18px&#8220; text_line_height=&#8220;1.8em&#8220; header_font=&#8220;||||||||&#8220; background_layout=&#8220;dark&#8220; animation_style=&#8220;fade&#8220;]Wenn Ihnen die Umsetzung f\u00fcr eine Fahrschule gef\u00e4llt, sollten wir uns kennen lernen. Wenn Sie Fragen haben, wir sind nur einen Anruf entfernt. (030) 742 005 19<br \/>\n[\/et_pb_text][\/et_pb_column][et_pb_column type=&#8220;1_2&#8243; _builder_version=&#8220;3.0.47&#8243; parallax=&#8220;off&#8220; parallax_method=&#8220;on&#8220;][\/et_pb_column][\/et_pb_row][\/et_pb_section][et_pb_section fb_built=&#8220;1&#8243; admin_label=&#8220;Reach Us Section&#8220; _builder_version=&#8220;3.0.93&#8243; background_color=&#8220;#efe9e4&#8243; custom_padding=&#8220;90px||90px|&#8220;][et_pb_row admin_label=&#8220;Reach Us Area&#8220; _builder_version=&#8220;3.0.93&#8243;][et_pb_column type=&#8220;4_4&#8243; _builder_version=&#8220;3.0.47&#8243; parallax=&#8220;off&#8220; parallax_method=&#8220;on&#8220;][et_pb_text admin_label=&#8220;Title&#8220; _builder_version=&#8220;3.0.105&#8243; header_font=&#8220;||||||||&#8220; header_2_font=&#8220;Poppins|600|||||||&#8220; header_2_text_align=&#8220;center&#8220; header_2_font_size=&#8220;36px&#8220; max_width=&#8220;550px&#8220; module_alignment=&#8220;center&#8220; custom_margin=&#8220;||0px|&#8220; animation_style=&#8220;fade&#8220;]<\/p>\n<h2>Sie erreichen uns<\/h2>\n<p>[\/et_pb_text][et_pb_divider color=&#8220;#fdb467&#8243; divider_position=&#8220;center&#8220; divider_weight=&#8220;3px&#8220; _builder_version=&#8220;3.2&#8243; max_width=&#8220;50px&#8220; module_alignment=&#8220;center&#8220; custom_margin=&#8220;||20px|&#8220; animation_style=&#8220;slide&#8220; animation_direction=&#8220;top&#8220; animation_intensity_slide=&#8220;10%&#8220; animation_starting_opacity=&#8220;100%&#8220;][\/et_pb_divider][et_pb_text _builder_version=&#8220;3.9&#8243; text_font=&#8220;Poppins||||||||&#8220; text_font_size=&#8220;18px&#8220; text_line_height=&#8220;1.8em&#8220; text_orientation=&#8220;center&#8220; max_width=&#8220;550px&#8220; module_alignment=&#8220;center&#8220; animation_style=&#8220;fade&#8220;]Eine gute Kontaktseite geh\u00f6rt in jede Homepage. Wenn Sie eine Fahrschule haben und auch Online gl\u00e4nzen wollen, sind hier unsere Kontaktdaten.<br \/>\n[\/et_pb_text][\/et_pb_column][\/et_pb_row][et_pb_row _builder_version=&#8220;3.0.93&#8243;][et_pb_column type=&#8220;1_4&#8243; _builder_version=&#8220;3.0.47&#8243; parallax=&#8220;off&#8220; parallax_method=&#8220;on&#8220;][et_pb_blurb title=&#8220;Webdesigner&#8220; use_icon=&#8220;on&#8220; font_icon=&#8220;%%236%%&#8220; icon_color=&#8220;#fdb467&#8243; use_icon_font_size=&#8220;on&#8220; icon_font_size=&#8220;32px&#8220; admin_label=&#8220;Email&#8220; _builder_version=&#8220;3.9&#8243; header_font=&#8220;Poppins|600|||||||&#8220; header_font_size=&#8220;24px&#8220; body_font=&#8220;Poppins||||||||&#8220; body_font_size=&#8220;18px&#8220; body_line_height=&#8220;1.8em&#8220; background_color=&#8220;#1c1c1c&#8220; box_shadow_style=&#8220;preset2&#8243; box_shadow_horizontal=&#8220;0px&#8220; box_shadow_vertical=&#8220;15px&#8220; box_shadow_blur=&#8220;25px&#8220; box_shadow_color=&#8220;rgba(0,0,0,0.05)&#8220; text_orientation=&#8220;center&#8220; background_layout=&#8220;dark&#8220; custom_padding=&#8220;60px|30px|80px|30px&#8220;]<\/p>\n<p><strong><span style=\"text-decoration: underline;\"><a href=\"https:\/\/website-preise.de\" target=\"_blank\" rel=\"noopener noreferrer\">website-preise.de<\/a><\/span><\/strong><br \/> alle Preise &amp; Infos<\/p>\n<p>[\/et_pb_blurb][\/et_pb_column][et_pb_column type=&#8220;1_4&#8243; _builder_version=&#8220;3.0.47&#8243; parallax=&#8220;off&#8220; parallax_method=&#8220;on&#8220;][et_pb_blurb title=&#8220;Adresse&#8220; use_icon=&#8220;on&#8220; font_icon=&#8220;%%249%%&#8220; icon_color=&#8220;#fdb467&#8243; use_icon_font_size=&#8220;on&#8220; icon_font_size=&#8220;32px&#8220; admin_label=&#8220;Email&#8220; _builder_version=&#8220;3.9&#8243; header_font=&#8220;Poppins|600|||||||&#8220; header_font_size=&#8220;24px&#8220; body_font=&#8220;Poppins||||||||&#8220; body_font_size=&#8220;18px&#8220; body_line_height=&#8220;1.8em&#8220; background_color=&#8220;#ffffff&#8220; box_shadow_style=&#8220;preset2&#8243; box_shadow_horizontal=&#8220;0px&#8220; box_shadow_vertical=&#8220;15px&#8220; box_shadow_blur=&#8220;25px&#8220; box_shadow_color=&#8220;rgba(0,0,0,0.05)&#8220; text_orientation=&#8220;center&#8220; custom_padding=&#8220;60px|30px|50px|30px&#8220;]Buckower Chaussee 149, 12305 Berlin<br \/>\n[\/et_pb_blurb][\/et_pb_column][et_pb_column type=&#8220;1_4&#8243; _builder_version=&#8220;3.0.47&#8243; parallax=&#8220;off&#8220; parallax_method=&#8220;on&#8220;][et_pb_blurb title=&#8220;E-Mail&#8220; use_icon=&#8220;on&#8220; font_icon=&#8220;%%238%%&#8220; icon_color=&#8220;#fdb467&#8243; use_icon_font_size=&#8220;on&#8220; icon_font_size=&#8220;32px&#8220; admin_label=&#8220;Email&#8220; _builder_version=&#8220;3.0.105&#8243; header_font=&#8220;Poppins|600|||||||&#8220; header_font_size=&#8220;24px&#8220; body_font=&#8220;Poppins||||||||&#8220; body_font_size=&#8220;18px&#8220; body_line_height=&#8220;1.8em&#8220; background_color=&#8220;#ffffff&#8220; box_shadow_style=&#8220;preset2&#8243; box_shadow_horizontal=&#8220;0px&#8220; box_shadow_vertical=&#8220;15px&#8220; box_shadow_blur=&#8220;25px&#8220; box_shadow_color=&#8220;rgba(0,0,0,0.05)&#8220; text_orientation=&#8220;center&#8220; custom_padding=&#8220;60px|30px|80px|30px&#8220;]info@wtm-online.de<br \/>\n[\/et_pb_blurb][\/et_pb_column][et_pb_column type=&#8220;1_4&#8243; _builder_version=&#8220;3.0.47&#8243; parallax=&#8220;off&#8220; parallax_method=&#8220;on&#8220;][et_pb_blurb title=&#8220;Telefon&#8220; use_icon=&#8220;on&#8220; font_icon=&#8220;%%264%%&#8220; icon_color=&#8220;#fdb467&#8243; use_icon_font_size=&#8220;on&#8220; icon_font_size=&#8220;32px&#8220; admin_label=&#8220;Email&#8220; _builder_version=&#8220;3.9&#8243; header_font=&#8220;Poppins|600|||||||&#8220; header_font_size=&#8220;24px&#8220; body_font=&#8220;Poppins||||||||&#8220; body_font_size=&#8220;18px&#8220; body_line_height=&#8220;1.8em&#8220; background_color=&#8220;#ffffff&#8220; box_shadow_style=&#8220;preset2&#8243; box_shadow_horizontal=&#8220;0px&#8220; box_shadow_vertical=&#8220;15px&#8220; box_shadow_blur=&#8220;25px&#8220; box_shadow_color=&#8220;rgba(0,0,0,0.05)&#8220; text_orientation=&#8220;center&#8220; custom_padding=&#8220;60px|30px|80px|30px&#8220;]<\/p>\n<p>(030) 742 005 19 <br \/> Sofortauskunft<\/p>\n<p>[\/et_pb_blurb][\/et_pb_column][\/et_pb_row][et_pb_row custom_margin=&#8220;30px|||&#8220; disabled_on=&#8220;off|off|off&#8220; admin_label=&#8220;Social Media&#8220; _builder_version=&#8220;3.0.93&#8243;][et_pb_column type=&#8220;4_4&#8243; _builder_version=&#8220;3.0.47&#8243; parallax=&#8220;off&#8220; parallax_method=&#8220;on&#8220;][et_pb_social_media_follow _builder_version=&#8220;3.0.93&#8243; text_orientation=&#8220;center&#8220;][et_pb_social_media_follow_network social_network=&#8220;facebook&#8220; _builder_version=&#8220;3.0.93&#8243; background_color=&#8220;#fdb467&#8243; border_radii=&#8220;on|100px|100px|100px|100px&#8220; custom_margin=&#8220;|8px||8px&#8220; custom_padding=&#8220;14px|14px|14px|14px&#8220; follow_button=&#8220;off&#8220; url_new_window=&#8220;on&#8220;]facebook[\/et_pb_social_media_follow_network][et_pb_social_media_follow_network social_network=&#8220;twitter&#8220; _builder_version=&#8220;3.0.93&#8243; background_color=&#8220;#fdb467&#8243; border_radii=&#8220;on|100px|100px|100px|100px&#8220; custom_margin=&#8220;|8px||8px&#8220; custom_padding=&#8220;14px|14px|14px|14px&#8220; follow_button=&#8220;off&#8220; url_new_window=&#8220;on&#8220;]twitter[\/et_pb_social_media_follow_network][et_pb_social_media_follow_network social_network=&#8220;instagram&#8220; _builder_version=&#8220;3.0.93&#8243; background_color=&#8220;#fdb467&#8243; border_radii=&#8220;on|100px|100px|100px|100px&#8220; custom_margin=&#8220;|8px||8px&#8220; custom_padding=&#8220;14px|14px|14px|14px&#8220; follow_button=&#8220;off&#8220; url_new_window=&#8220;on&#8220;]instagram[\/et_pb_social_media_follow_network][et_pb_social_media_follow_network social_network=&#8220;youtube&#8220; _builder_version=&#8220;3.0.93&#8243; background_color=&#8220;#fdb467&#8243; border_radii=&#8220;on|100px|100px|100px|100px&#8220; custom_margin=&#8220;|8px||8px&#8220; custom_padding=&#8220;14px|14px|14px|14px&#8220; follow_button=&#8220;off&#8220; url_new_window=&#8220;on&#8220;]youtube[\/et_pb_social_media_follow_network][\/et_pb_social_media_follow][\/et_pb_column][\/et_pb_row][\/et_pb_section][et_pb_section fb_built=&#8220;1&#8243; _builder_version=&#8220;3.9&#8243; background_color=&#8220;#ffffff&#8220; custom_margin=&#8220;0px||0px|&#8220; custom_padding=&#8220;0px||0px|&#8220;][et_pb_row make_fullwidth=&#8220;on&#8220; use_custom_gutter=&#8220;on&#8220; gutter_width=&#8220;1&#8243; custom_padding=&#8220;0px|0px|0px|0px&#8220; custom_margin=&#8220;0px|0px|0px|0px&#8220; _builder_version=&#8220;3.9&#8243;][et_pb_column type=&#8220;4_4&#8243; _builder_version=&#8220;3.0.47&#8243; parallax=&#8220;off&#8220; parallax_method=&#8220;on&#8220;][et_pb_code _builder_version=&#8220;3.9&#8243;]&lt;iframe src=&quot;https:\/\/www.google.com\/maps\/embed?pb=!1m18!1m12!1m3!1d2433.6429358546447!2d13.394324316114243!3d52.41314725189446!2m3!1f0!2f0!3f0!3m2!1i1024!2i768!4f13.1!3m3!1m2!1s0x47a844e286fd9de5%3A0x3cd7e7883883c5e6!2swtm-online+Internetagentur!5e0!3m2!1sde!2sde!4v1530257710747&quot; width=&quot;2900&quot; height=&quot;500&quot; frameborder=&quot;0&quot; style=&quot;border:0&quot; allowfullscreen&gt;&lt;\/iframe&gt;[\/et_pb_code][\/et_pb_column][\/et_pb_row][\/et_pb_section][et_pb_section fb_built=&#8220;1&#8243; admin_label=&#8220;Get In Touch Section&#8220; _builder_version=&#8220;3.9&#8243; background_color=&#8220;#000000&#8243; custom_padding=&#8220;90px||90px|&#8220;][et_pb_row custom_padding=&#8220;||10px|&#8220; admin_label=&#8220;Get In Touch Area&#8220; _builder_version=&#8220;3.0.93&#8243;][et_pb_column type=&#8220;4_4&#8243; _builder_version=&#8220;3.0.47&#8243; parallax=&#8220;off&#8220; parallax_method=&#8220;on&#8220;][et_pb_text admin_label=&#8220;Title&#8220; _builder_version=&#8220;3.9&#8243; text_font=&#8220;||||||||&#8220; header_font=&#8220;||||||||&#8220; header_2_font=&#8220;Poppins|600|||||||&#8220; header_2_font_size=&#8220;36px&#8220; header_2_line_height=&#8220;1.2em&#8220; text_orientation=&#8220;center&#8220; background_layout=&#8220;dark&#8220; max_width=&#8220;550px&#8220; module_alignment=&#8220;center&#8220; custom_margin=&#8220;||0px|&#8220; animation_style=&#8220;fade&#8220; locked=&#8220;off&#8220;]<\/p>\n<h2>Ihre Nachricht<\/h2>\n<p>[\/et_pb_text][et_pb_divider color=&#8220;#fdb467&#8243; divider_position=&#8220;center&#8220; divider_weight=&#8220;3px&#8220; _builder_version=&#8220;3.2&#8243; max_width=&#8220;50px&#8220; module_alignment=&#8220;center&#8220; custom_margin=&#8220;||20px|&#8220; animation_style=&#8220;slide&#8220; animation_intensity_slide=&#8220;10%&#8220; animation_starting_opacity=&#8220;100%&#8220; locked=&#8220;off&#8220;][\/et_pb_divider][et_pb_text _builder_version=&#8220;3.9&#8243; text_font=&#8220;Poppins||||||||&#8220; text_text_color=&#8220;rgba(255,255,255,0.68)&#8220; text_font_size=&#8220;18px&#8220; text_line_height=&#8220;1.8em&#8220; header_font=&#8220;||||||||&#8220; text_orientation=&#8220;center&#8220; max_width=&#8220;550px&#8220; module_alignment=&#8220;center&#8220; custom_margin=&#8220;|||&#8220; custom_padding=&#8220;|||&#8220; animation_style=&#8220;fade&#8220; locked=&#8220;off&#8220;]Hier sehen Sie ein Kontaktformular, dass auch gleich die Datenschutzvorgaben der neuen DSGVO erf\u00fcllt.<br \/>\n[\/et_pb_text][\/et_pb_column][\/et_pb_row][et_pb_row custom_margin=&#8220;20px|||&#8220; admin_label=&#8220;Contact Form Area&#8220; _builder_version=&#8220;3.0.93&#8243;][et_pb_column type=&#8220;4_4&#8243; _builder_version=&#8220;3.0.47&#8243; parallax=&#8220;off&#8220; parallax_method=&#8220;on&#8220;][et_pb_contact_form captcha=&#8220;off&#8220; email=&#8220;info@wtm-online.de&#8220; custom_message=&#8220;%%vorname%%.||et_pb_line_break_holder||%%nachname%%.||et_pb_line_break_holder||%%email%%.||et_pb_line_break_holder||%%F\u00fchrerscheinkurs%%.||et_pb_line_break_holder||%%Message%%.||et_pb_line_break_holder||%%datenschutz%%.&#8220; success_message=&#8220;Vielen Dank f\u00fcr Ihre Nachricht&#8220; submit_button_text=&#8220;senden&#8220; form_background_color=&#8220;#ffffff&#8220; module_id=&#8220;et_pb_contact_form_0&#8243; _builder_version=&#8220;3.9&#8243; title_level=&#8220;h2&#8243; form_field_font=&#8220;|600|||||||&#8220; form_field_text_color=&#8220;#000000&#8243; form_field_font_size=&#8220;16px&#8220; background_color=&#8220;#000000&#8243; custom_button=&#8220;on&#8220; button_text_size=&#8220;14px&#8220; button_text_color=&#8220;#ffffff&#8220; button_bg_color=&#8220;#fdb467&#8243; button_border_width=&#8220;8px&#8220; button_border_color=&#8220;#fdb467&#8243; button_border_radius=&#8220;0px&#8220; button_letter_spacing=&#8220;2px&#8220; button_font=&#8220;Poppins|600||on|||||&#8220; button_icon=&#8220;%%3%%&#8220; button_letter_spacing_hover=&#8220;2px&#8220; max_width=&#8220;750px&#8220; module_alignment=&#8220;center&#8220; animation_style=&#8220;fade&#8220;][et_pb_contact_field field_id=&#8220;Vorname&#8220; field_title=&#8220;Vorname&#8220; _builder_version=&#8220;3.9&#8243; form_field_font=&#8220;||||||||&#8220; max_width_tablet=&#8220;100%&#8220; max_width_phone=&#8220;100%&#8220;][\/et_pb_contact_field][et_pb_contact_field field_id=&#8220;nachname&#8220; field_title=&#8220;Nachname&#8220; _builder_version=&#8220;3.9&#8243; border_radii=&#8220;on||||&#8220;][\/et_pb_contact_field][et_pb_contact_field field_id=&#8220;email&#8220; field_title=&#8220;E-Mail Adresse&#8220; field_type=&#8220;email&#8220; _builder_version=&#8220;3.9&#8243; form_field_font=&#8220;||||||||&#8220; max_width_tablet=&#8220;100%&#8220; max_width_phone=&#8220;100%&#8220;][\/et_pb_contact_field][et_pb_contact_field field_id=&#8220;F\u00fchrerscheinkurs&#8220; field_title=&#8220;Kurs w\u00e4hlen&#8220; field_type=&#8220;select&#8220; select_options=&#8220;%91{%22value%22:%22PKW A%22,%22checked%22:0,%22dragID%22:0},{%22value%22:%22PKW B%22,%22checked%22:0,%22dragID%22:1},{%22value%22:%22LKW B%22,%22checked%22:0,%22dragID%22:2},{%22value%22:%22Motorrad B%22,%22checked%22:0,%22dragID%22:3}%93&#8243; _builder_version=&#8220;3.9&#8243; form_field_font=&#8220;||||||||&#8220; max_width_tablet=&#8220;100%&#8220; max_width_phone=&#8220;100%&#8220;][\/et_pb_contact_field][et_pb_contact_field field_id=&#8220;Message&#8220; field_title=&#8220;Nachricht&#8220; field_type=&#8220;text&#8220; fullwidth_field=&#8220;on&#8220; _builder_version=&#8220;3.9&#8243; form_field_font=&#8220;||||||||&#8220; max_width_tablet=&#8220;100%&#8220; max_width_phone=&#8220;100%&#8220;][\/et_pb_contact_field][et_pb_contact_field field_id=&#8220;datenschutz&#8220; field_title=&#8220;Datenschutzerkl\u00e4rung gelesen?&#8220; field_type=&#8220;checkbox&#8220; checkbox_options=&#8220;%91{%22value%22:%22Ja%22,%22checked%22:0}%93&#8243; _builder_version=&#8220;3.9&#8243; form_field_font=&#8220;||||||||&#8220; max_width_tablet=&#8220;100%&#8220; max_width_phone=&#8220;100%&#8220;][\/et_pb_contact_field][\/et_pb_contact_form][et_pb_text _builder_version=&#8220;3.9&#8243; text_orientation=&#8220;center&#8220; background_layout=&#8220;dark&#8220;]* Ich habe die <strong><a href=\"\/fahrschule\/datenschutz\/\">Datenschutzerkl\u00e4rung<\/a><\/strong> zur Kenntnis genommen. Ich stimme zu, dass meine Angaben zur Kontaktaufnahme und f\u00fcr R\u00fcckfragen dauerhaft gespeichert werden. Sie k\u00f6nnen Ihre Einwilligung jederzeit f\u00fcr die Zukunft per Mail an info@wtm-online.de widerrufen.<br \/>\n[\/et_pb_text][\/et_pb_column][\/et_pb_row][\/et_pb_section]<\/p>\n","protected":false},"excerpt":{"rendered":"<p>Lerne uns kennen Wenn Ihnen die Umsetzung f\u00fcr eine Fahrschule gef\u00e4llt, sollten wir uns kennen lernen. Wenn Sie Fragen haben, wir sind nur einen Anruf entfernt. (030) 742 005 19 Sie erreichen uns Eine gute Kontaktseite geh\u00f6rt in jede Homepage. Wenn Sie eine Fahrschule haben und auch Online gl\u00e4nzen wollen, sind hier unsere Kontaktdaten. website-preise.de [&hellip;]<\/p>\n","protected":false},"author":1,"featured_media":0,"parent":0,"menu_order":0,"comment_status":"closed","ping_status":"closed","template":"","meta":{"_et_pb_use_builder":"on","_et_pb_old_content":"","_et_gb_content_width":"","_wp_rev_ctl_limit":""},"_links":{"self":[{"href":"https:\/\/branchen.website-preise.de\/fahrschule\/wp-json\/wp\/v2\/pages\/3545"}],"collection":[{"href":"https:\/\/branchen.website-preise.de\/fahrschule\/wp-json\/wp\/v2\/pages"}],"about":[{"href":"https:\/\/branchen.website-preise.de\/fahrschule\/wp-json\/wp\/v2\/types\/page"}],"author":[{"embeddable":true,"href":"https:\/\/branchen.website-preise.de\/fahrschule\/wp-json\/wp\/v2\/users\/1"}],"replies":[{"embeddable":true,"href":"https:\/\/branchen.website-preise.de\/fahrschule\/wp-json\/wp\/v2\/comments?post=3545"}],"version-history":[{"count":0,"href":"https:\/\/branchen.website-preise.de\/fahrschule\/wp-json\/wp\/v2\/pages\/3545\/revisions"}],"wp:attachment":[{"href":"https:\/\/branchen.website-preise.de\/fahrschule\/wp-json\/wp\/v2\/media?parent=3545"}],"curies":[{"name":"wp","href":"https:\/\/api.w.org\/{rel}","templated":true}]}}