{"id":3,"date":"2017-12-11T12:53:04","date_gmt":"2017-12-11T11:53:04","guid":{"rendered":"https:\/\/branchen.website-preise.de\/fahrschule\/?page_id=3"},"modified":"2018-07-05T07:09:33","modified_gmt":"2018-07-05T05:09:33","slug":"fahrschule","status":"publish","type":"page","link":"https:\/\/branchen.website-preise.de\/fahrschule\/","title":{"rendered":"Startseite"},"content":{"rendered":"<p>[et_pb_section bb_built=&#8220;1&#8243; admin_label=&#8220;Hero Section&#8220; _builder_version=&#8220;3.0.106&#8243; use_background_color_gradient=&#8220;on&#8220; background_color_gradient_start=&#8220;#000000&#8243; background_color_gradient_end=&#8220;rgba(0,0,0,0)&#8220; background_color_gradient_direction=&#8220;120deg&#8220; background_color_gradient_overlays_image=&#8220;on&#8220; background_image=&#8220;https:\/\/branchen.website-preise.de\/fahrschule\/wp-content\/uploads\/sites\/13\/2018\/03\/fahschul-homepage-1.jpg&#8220; custom_padding=&#8220;10%||10%|&#8220; filter_saturate=&#8220;103%&#8220; filter_brightness=&#8220;174%&#8220; filter_contrast=&#8220;99%&#8220; next_background_color=&#8220;#282624&#8243;][et_pb_row admin_label=&#8220;Hero Area&#8220; _builder_version=&#8220;3.0.93&#8243;][et_pb_column type=&#8220;1_2&#8243;][et_pb_text admin_label=&#8220;Title&#8220; _builder_version=&#8220;3.0.105&#8243; text_font=&#8220;||||||||&#8220; header_font=&#8220;Poppins|600|||||||&#8220; header_font_size=&#8220;60px&#8220; header_font_size_phone=&#8220;40px&#8220; header_font_size_last_edited=&#8220;on|phone&#8220; header_line_height=&#8220;1.2em&#8220; background_layout=&#8220;dark&#8220; animation_style=&#8220;fade&#8220;]<\/p>\n<h1>Ihre Fahrschule<\/h1>\n<p>[\/et_pb_text][et_pb_text admin_label=&#8220;Subtitle&#8220; _builder_version=&#8220;3.0.93&#8243; text_font=&#8220;Poppins||||||||&#8220; text_font_size=&#8220;18px&#8220; text_line_height=&#8220;1.8em&#8220; header_font=&#8220;||||||||&#8220; background_layout=&#8220;dark&#8220; custom_margin=&#8220;|||&#8220; custom_padding=&#8220;|||&#8220; animation_style=&#8220;fade&#8220;]<\/p>\n<p>Eine Demo-Homepage f\u00fcr Fahrschulen und Firmen mit gutem Geschmack.<\/p>\n<p>[\/et_pb_text][et_pb_button button_url=&#8220;\/fahrschule\/kontakt\/&#8220; button_text=&#8220;Buche heute&#8220; _builder_version=&#8220;3.0.106&#8243; custom_button=&#8220;on&#8220; button_text_size=&#8220;14px&#8220; button_text_color=&#8220;#282624&#8243; button_bg_color=&#8220;#fdb467&#8243; button_border_width=&#8220;8px&#8220; button_border_color=&#8220;#fdb467&#8243; button_border_radius=&#8220;0px&#8220; button_letter_spacing=&#8220;2px&#8220; button_font=&#8220;Poppins|600||on|||||&#8220; button_icon=&#8220;%%3%%&#8220; custom_margin=&#8220;10px|||&#8220; animation_style=&#8220;fade&#8220; \/][\/et_pb_column][et_pb_column type=&#8220;1_2&#8243;][\/et_pb_column][\/et_pb_row][\/et_pb_section][et_pb_section bb_built=&#8220;1&#8243; _builder_version=&#8220;3.0.106&#8243; background_color=&#8220;#282624&#8243; custom_margin=&#8220;||0px|&#8220; custom_padding=&#8220;||0px|&#8220; prev_background_color=&#8220;#ffffff&#8220; next_background_color=&#8220;#ffffff&#8220;][et_pb_row _builder_version=&#8220;3.0.106&#8243;][et_pb_column type=&#8220;4_4&#8243;][et_pb_text _builder_version=&#8220;3.0.106&#8243; text_font=&#8220;||||||||&#8220; text_font_size=&#8220;22px&#8220; header_font=&#8220;|700|||||||&#8220; header_text_align=&#8220;center&#8220; text_orientation=&#8220;center&#8220; background_layout=&#8220;dark&#8220;]<\/p>\n<h1>Eine Webdesign Vorlage f\u00fcr Fahrschulen<\/h1>\n<p>Sie haben eine Fahrschule und wollen auch online \u00fcberzeugen<\/p>\n<p>Alle Infos (030) 742 005 19<\/p>\n<p>[\/et_pb_text][\/et_pb_column][\/et_pb_row][\/et_pb_section][et_pb_section bb_built=&#8220;1&#8243; admin_label=&#8220;Workshops and Events Section&#8220; _builder_version=&#8220;3.0.106&#8243; custom_margin=&#8220;0px|||&#8220; custom_padding=&#8220;0px||0px|&#8220; prev_background_color=&#8220;#282624&#8243; next_background_color=&#8220;#efe9e4&#8243;][et_pb_row admin_label=&#8220;Workshops and Events Area&#8220; make_fullwidth=&#8220;on&#8220; use_custom_gutter=&#8220;on&#8220; gutter_width=&#8220;0&#8243; custom_padding=&#8220;0px||0px|&#8220; custom_margin=&#8220;|||&#8220; make_equal=&#8220;on&#8220; background_color_1=&#8220;#efe9e4&#8243; bg_img_2=&#8220;https:\/\/branchen.website-preise.de\/fahrschule\/wp-content\/uploads\/sites\/13\/2018\/03\/fahrschule-vorlage.jpg&#8220; background_repeat_2=&#8220;repeat&#8220; padding_top_1=&#8220;10%&#8220; padding_right_1=&#8220;5%&#8220; padding_bottom_1=&#8220;10%&#8220; padding_left_1=&#8220;5%&#8220; _builder_version=&#8220;3.0.106&#8243;][et_pb_column type=&#8220;1_3&#8243;][et_pb_text admin_label=&#8220;Title&#8220; _builder_version=&#8220;3.0.106&#8243; header_font=&#8220;||||||||&#8220; header_2_font=&#8220;Poppins|600|||||||&#8220; header_2_font_size=&#8220;36px&#8220; header_2_line_height=&#8220;1.2em&#8220; animation_style=&#8220;fold&#8220; animation_direction=&#8220;left&#8220; animation_intensity_fold=&#8220;10%&#8220; animation_starting_opacity=&#8220;100%&#8220;]<\/p>\n<h2>Nette Fahrlehrer mit Erfahrung<\/h2>\n<p>[\/et_pb_text][et_pb_divider color=&#8220;#fdb467&#8243; divider_position=&#8220;center&#8220; divider_weight=&#8220;3px&#8220; _builder_version=&#8220;3.2&#8243; max_width=&#8220;50px&#8220; module_alignment=&#8220;left&#8220; animation_style=&#8220;slide&#8220; animation_direction=&#8220;top&#8220; animation_intensity_slide=&#8220;10%&#8220; animation_starting_opacity=&#8220;100%&#8220; locked=&#8220;off&#8220; \/][et_pb_text _builder_version=&#8220;3.0.106&#8243; text_font=&#8220;Poppins||||||||&#8220; text_text_color=&#8220;#666666&#8243; text_font_size=&#8220;18px&#8220; text_line_height=&#8220;1.8em&#8220; custom_margin=&#8220;25px|||&#8220; animation_style=&#8220;fold&#8220; animation_direction=&#8220;left&#8220; animation_intensity_fold=&#8220;10%&#8220; animation_starting_opacity=&#8220;100%&#8220;]<\/p>\n<p>Eine Fahrschule, die sich auch im Web freundlich und kompetent pr\u00e4sentiert, wird gerne gebucht.<\/p>\n<p>[\/et_pb_text][et_pb_button button_text=&#8220;(030) 742 005 19&#8243; _builder_version=&#8220;3.9&#8243; custom_button=&#8220;on&#8220; button_text_size=&#8220;14px&#8220; button_text_color=&#8220;#ffffff&#8220; button_bg_color=&#8220;#fdb467&#8243; button_border_width=&#8220;8px&#8220; button_border_color=&#8220;#fdb467&#8243; button_border_radius=&#8220;0px&#8220; button_letter_spacing=&#8220;2px&#8220; button_font=&#8220;Poppins|600||on|||||&#8220; button_icon=&#8220;%%3%%&#8220; custom_margin=&#8220;40px|||&#8220; animation_style=&#8220;fade&#8220; locked=&#8220;off&#8220; \/][\/et_pb_column][et_pb_column type=&#8220;2_3&#8243;][et_pb_divider show_divider=&#8220;off&#8220; height=&#8220;400px&#8220; _builder_version=&#8220;3.2&#8243; locked=&#8220;off&#8220; \/][\/et_pb_column][\/et_pb_row][et_pb_row admin_label=&#8220;Studio Membership Area&#8220; make_fullwidth=&#8220;on&#8220; use_custom_gutter=&#8220;on&#8220; gutter_width=&#8220;0&#8243; custom_padding=&#8220;0px||0px|&#8220; custom_margin=&#8220;|||&#8220; make_equal=&#8220;on&#8220; background_color_2=&#8220;#282624&#8243; bg_img_1=&#8220;https:\/\/branchen.website-preise.de\/fahrschule\/wp-content\/uploads\/sites\/13\/2018\/03\/fahrschule-webdesign-motorrad.jpg&#8220; background_repeat_2=&#8220;repeat&#8220; padding_top_2=&#8220;10%&#8220; padding_right_2=&#8220;5%&#8220; padding_bottom_2=&#8220;10%&#8220; padding_left_2=&#8220;5%&#8220; _builder_version=&#8220;3.0.106&#8243;][et_pb_column type=&#8220;2_3&#8243;][et_pb_divider show_divider=&#8220;off&#8220; height=&#8220;400px&#8220; _builder_version=&#8220;3.2&#8243; locked=&#8220;off&#8220; \/][\/et_pb_column][et_pb_column type=&#8220;1_3&#8243;][et_pb_text admin_label=&#8220;Title&#8220; _builder_version=&#8220;3.0.106&#8243; text_font=&#8220;||||||||&#8220; header_font=&#8220;||||||||&#8220; header_2_font=&#8220;Poppins|600|||||||&#8220; header_2_font_size=&#8220;36px&#8220; header_2_line_height=&#8220;1.2em&#8220; background_layout=&#8220;dark&#8220; animation_style=&#8220;fold&#8220; animation_direction=&#8220;left&#8220; animation_intensity_fold=&#8220;10%&#8220; animation_starting_opacity=&#8220;100%&#8220; locked=&#8220;off&#8220;]<\/p>\n<h2>PKW, Motorrad, LKW<\/h2>\n<p>[\/et_pb_text][et_pb_divider color=&#8220;#fdb467&#8243; divider_position=&#8220;center&#8220; divider_weight=&#8220;3px&#8220; _builder_version=&#8220;3.2&#8243; max_width=&#8220;50px&#8220; animation_style=&#8220;slide&#8220; animation_direction=&#8220;top&#8220; animation_intensity_slide=&#8220;10%&#8220; animation_starting_opacity=&#8220;100%&#8220; locked=&#8220;off&#8220; \/][et_pb_text _builder_version=&#8220;3.0.93&#8243; text_font=&#8220;Poppins||||||||&#8220; text_text_color=&#8220;rgba(255,255,255,0.7)&#8220; text_font_size=&#8220;18px&#8220; text_line_height=&#8220;1.8em&#8220; custom_margin=&#8220;25px|||&#8220; animation_style=&#8220;fold&#8220; animation_direction=&#8220;left&#8220; animation_intensity_fold=&#8220;10%&#8220; animation_starting_opacity=&#8220;100%&#8220; locked=&#8220;off&#8220;]<\/p>\n<p>Was hat Ihre Fahrschule alles im Programm, welche F\u00fchrerscheine bieten Sie an, das geh\u00f6rt in eine Fahrschul-Homepage<\/p>\n<p>[\/et_pb_text][et_pb_button button_url=&#8220;\/fahrschule\/leistungen\/&#8220; button_text=&#8220;Unsere Leistungen&#8220; _builder_version=&#8220;3.9&#8243; custom_button=&#8220;on&#8220; button_text_size=&#8220;14px&#8220; button_text_color=&#8220;#ffffff&#8220; button_bg_color=&#8220;#fdb467&#8243; button_border_width=&#8220;8px&#8220; button_border_color=&#8220;#fdb467&#8243; button_border_radius=&#8220;0px&#8220; button_letter_spacing=&#8220;2px&#8220; button_font=&#8220;Poppins|600||on|||||&#8220; button_icon=&#8220;%%3%%&#8220; custom_margin=&#8220;40px|||&#8220; animation_style=&#8220;fade&#8220; locked=&#8220;off&#8220; \/][\/et_pb_column][\/et_pb_row][\/et_pb_section][et_pb_section bb_built=&#8220;1&#8243; _builder_version=&#8220;3.0.106&#8243; background_color=&#8220;#efe9e4&#8243; custom_margin=&#8220;||0px|&#8220; custom_padding=&#8220;||0px|&#8220; prev_background_color=&#8220;#ffffff&#8220; next_background_color=&#8220;#ffffff&#8220;][et_pb_row _builder_version=&#8220;3.0.106&#8243;][et_pb_column type=&#8220;1_3&#8243;][et_pb_circle_counter title=&#8220;Erfahrung &#8220; number=&#8220;100&#8243; bar_bg_color=&#8220;#211915&#8243; _builder_version=&#8220;3.0.106&#8243; \/][\/et_pb_column][et_pb_column type=&#8220;1_3&#8243;][et_pb_circle_counter title=&#8220;Erfolgreiche Pr\u00fcfungen&#8220; number=&#8220;12000&#8243; percent_sign=&#8220;off&#8220; bar_bg_color=&#8220;#2d2d2d&#8220; _builder_version=&#8220;3.0.106&#8243; \/][\/et_pb_column][et_pb_column type=&#8220;1_3&#8243;][et_pb_circle_counter title=&#8220;Zufriedene Sch\u00fcler &#8220; number=&#8220;100&#8243; bar_bg_color=&#8220;#211915&#8243; _builder_version=&#8220;3.9&#8243; \/][\/et_pb_column][\/et_pb_row][\/et_pb_section][et_pb_section bb_built=&#8220;1&#8243; admin_label=&#8220;Testimonial Section&#8220; _builder_version=&#8220;3.0.106&#8243; background_image=&#8220;https:\/\/branchen.website-preise.de\/fahrschule\/wp-content\/uploads\/sites\/13\/2018\/03\/fahrschule-demo-homepage.jpg&#8220; box_shadow_style=&#8220;preset7&#8243; box_shadow_horizontal=&#8220;0px&#8220; box_shadow_vertical=&#8220;-120px&#8220; box_shadow_color=&#8220;#1e1d1c&#8220; custom_padding=&#8220;10%||0px|&#8220; prev_background_color=&#8220;#efe9e4&#8243; next_background_color=&#8220;#1e1d1c&#8220;][et_pb_row admin_label=&#8220;Testimonial Area&#8220; custom_padding=&#8220;||0px|&#8220; background_color_1=&#8220;#efe9e4&#8243; padding_top_1=&#8220;60px&#8220; padding_right_1=&#8220;60px&#8220; padding_bottom_1=&#8220;60px&#8220; padding_left_1=&#8220;60px&#8220; padding_1_phone=&#8220;|40px||40px&#8220; padding_1_last_edited=&#8220;on|phone&#8220; _builder_version=&#8220;3.0.93&#8243;][et_pb_column type=&#8220;1_2&#8243;][et_pb_text admin_label=&#8220;Title&#8220; _builder_version=&#8220;3.0.106&#8243; header_font=&#8220;||||||||&#8220; header_2_font=&#8220;Poppins|600|||||||&#8220; header_2_font_size=&#8220;36px&#8220; header_2_line_height=&#8220;1.2em&#8220; custom_margin=&#8220;||0px|&#8220; animation_style=&#8220;fade&#8220; locked=&#8220;off&#8220;]<\/p>\n<h2>Gl\u00fcckliche Sch\u00fcler<\/h2>\n<p>[\/et_pb_text][et_pb_divider color=&#8220;#fdb467&#8243; divider_position=&#8220;center&#8220; divider_weight=&#8220;3px&#8220; _builder_version=&#8220;3.2&#8243; max_width=&#8220;50px&#8220; animation_style=&#8220;slide&#8220; animation_direction=&#8220;top&#8220; animation_intensity_slide=&#8220;10%&#8220; animation_starting_opacity=&#8220;100%&#8220; locked=&#8220;off&#8220; \/][et_pb_blurb use_icon=&#8220;on&#8220; font_icon=&#8220;%%90%%&#8220; icon_color=&#8220;#ffffff&#8220; use_circle=&#8220;on&#8220; circle_color=&#8220;#fdb467&#8243; icon_placement=&#8220;left&#8220; use_icon_font_size=&#8220;on&#8220; icon_font_size=&#8220;48px&#8220; _builder_version=&#8220;3.0.93&#8243; header_font=&#8220;||||||||&#8220; body_font=&#8220;||||||||&#8220; custom_margin=&#8220;40px||0px|&#8220; custom_padding=&#8220;|||&#8220; \/][et_pb_testimonial author=&#8220;- Marc Sch\u00fcler&#8220; quote_icon=&#8220;off&#8220; quote_icon_color=&#8220;#ffffff&#8220; quote_icon_background_color=&#8220;#fdb467&#8243; _builder_version=&#8220;3.9&#8243; body_font=&#8220;Poppins||on||||||&#8220; body_font_size=&#8220;18px&#8220; body_line_height=&#8220;1.8em&#8220; use_background_color=&#8220;off&#8220; custom_margin=&#8220;|||&#8220; custom_padding=&#8220;|||&#8220; animation_style=&#8220;fold&#8220; animation_direction=&#8220;bottom&#8220; animation_intensity_fold=&#8220;10%&#8220; animation_starting_opacity=&#8220;100%&#8220;]<\/p>\n<p>Lassen Sie Ihre Sch\u00fcler zu Wort kommen, es gibt keine bessere Werbung f\u00fcr Ihre Fahschule.<\/p>\n<p>[\/et_pb_testimonial][\/et_pb_column][et_pb_column type=&#8220;1_2&#8243;][\/et_pb_column][\/et_pb_row][\/et_pb_section][et_pb_section bb_built=&#8220;1&#8243; admin_label=&#8220;Divider Section&#8220; _builder_version=&#8220;3.0.93&#8243; background_color=&#8220;#1e1d1c&#8220; custom_padding=&#8220;0px||0px|&#8220; prev_background_color=&#8220;#ffffff&#8220; next_background_color=&#8220;#000000&#8243;][et_pb_row admin_label=&#8220;Divider Area&#8220; custom_padding=&#8220;0px||0px|&#8220; _builder_version=&#8220;3.0.93&#8243;][et_pb_column type=&#8220;4_4&#8243;][et_pb_divider color=&#8220;rgba(255,255,255,0.12)&#8220; divider_position=&#8220;center&#8220; _builder_version=&#8220;3.2&#8243; \/][\/et_pb_column][\/et_pb_row][\/et_pb_section][et_pb_section bb_built=&#8220;1&#8243; admin_label=&#8220;Footer Section&#8220; _builder_version=&#8220;3.0.93&#8243; background_color=&#8220;#1e1d1c&#8220; custom_padding=&#8220;90px||90px|&#8220; saved_tabs=&#8220;all&#8220; prev_background_color=&#8220;#000000&#8243; global_module=&#8220;3771&#8243;][et_pb_row admin_label=&#8220;Footer Area&#8220; global_parent=&#8220;3771&#8243; _builder_version=&#8220;3.0.93&#8243;][et_pb_column type=&#8220;1_3&#8243;][et_pb_text admin_label=&#8220;Title&#8220; global_parent=&#8220;3771&#8243; ul_type=&#8220;none&#8220; _builder_version=&#8220;3.9&#8243; text_font=&#8220;Poppins||||||||&#8220; text_text_color=&#8220;rgba(255,255,255,0.7)&#8220; text_font_size=&#8220;16px&#8220; text_line_height=&#8220;1.8em&#8220; ul_font=&#8220;Poppins||||||||&#8220; ul_text_align=&#8220;center&#8220; header_font=&#8220;||||||||&#8220; header_2_font=&#8220;Poppins||||||||&#8220; header_2_text_align=&#8220;center&#8220; header_2_font_size=&#8220;24px&#8220; header_2_line_height=&#8220;1.4em&#8220; text_orientation=&#8220;center&#8220; background_layout=&#8220;dark&#8220; custom_margin=&#8220;||15px|&#8220; custom_padding=&#8220;|||&#8220; animation_style=&#8220;fade&#8220;]<\/p>\n<h2>Adresse<\/h2>\n<p>Buckower Chausee 149, 12305 Berlin.<\/p>\n<p>[\/et_pb_text][\/et_pb_column][et_pb_column type=&#8220;1_3&#8243;][et_pb_text admin_label=&#8220;Title&#8220; global_parent=&#8220;3771&#8243; ul_type=&#8220;none&#8220; _builder_version=&#8220;3.0.106&#8243; text_font=&#8220;Poppins||||||||&#8220; text_text_color=&#8220;rgba(255,255,255,0.7)&#8220; text_font_size=&#8220;16px&#8220; text_line_height=&#8220;1.8em&#8220; ul_font=&#8220;Poppins||||||||&#8220; ul_text_align=&#8220;center&#8220; header_font=&#8220;||||||||&#8220; header_2_font=&#8220;Poppins||||||||&#8220; header_2_text_align=&#8220;center&#8220; header_2_font_size=&#8220;24px&#8220; header_2_line_height=&#8220;1.4em&#8220; text_orientation=&#8220;center&#8220; background_layout=&#8220;dark&#8220; custom_margin=&#8220;||15px|&#8220; custom_padding=&#8220;|||&#8220; animation_style=&#8220;fade&#8220;]<\/p>\n<h2>Telefon<\/h2>\n<p>(030) 742 005 19<br \/> Website-preise.de<\/p>\n<p>[\/et_pb_text][\/et_pb_column][et_pb_column type=&#8220;1_3&#8243;][et_pb_text admin_label=&#8220;Title&#8220; global_parent=&#8220;3771&#8243; ul_type=&#8220;none&#8220; _builder_version=&#8220;3.0.106&#8243; text_font=&#8220;Poppins||||||||&#8220; text_text_color=&#8220;rgba(255,255,255,0.7)&#8220; text_font_size=&#8220;16px&#8220; text_line_height=&#8220;1.8em&#8220; ul_font=&#8220;Poppins||||||||&#8220; ul_text_align=&#8220;center&#8220; header_font=&#8220;||||||||&#8220; header_2_font=&#8220;Poppins||||||||&#8220; header_2_text_align=&#8220;center&#8220; header_2_font_size=&#8220;24px&#8220; header_2_line_height=&#8220;1.4em&#8220; text_orientation=&#8220;center&#8220; background_layout=&#8220;dark&#8220; custom_margin=&#8220;||15px|&#8220; custom_padding=&#8220;|||&#8220; animation_style=&#8220;fade&#8220;]<\/p>\n<h2>E-Mail\u00a0<\/h2>\n<p>info@wtm-online.de<br \/> 24 Stunden erreichbar<\/p>\n<p>[\/et_pb_text][\/et_pb_column][\/et_pb_row][et_pb_row admin_label=&#8220;Social Media&#8220; global_parent=&#8220;3771&#8243; custom_margin=&#8220;30px|||&#8220; disabled_on=&#8220;off|off|off&#8220; _builder_version=&#8220;3.0.93&#8243;][et_pb_column type=&#8220;4_4&#8243;][et_pb_social_media_follow global_parent=&#8220;3771&#8243; _builder_version=&#8220;3.0.93&#8243; text_orientation=&#8220;center&#8220;][et_pb_social_media_follow_network social_network=&#8220;facebook&#8220; _builder_version=&#8220;3.0.93&#8243; background_color=&#8220;#fdb467&#8243; border_radii=&#8220;on|100px|100px|100px|100px&#8220; custom_margin=&#8220;|8px||8px&#8220; custom_padding=&#8220;14px|14px|14px|14px&#8220; follow_button=&#8220;off&#8220; url_new_window=&#8220;on&#8220;]facebook[\/et_pb_social_media_follow_network][et_pb_social_media_follow_network social_network=&#8220;twitter&#8220; _builder_version=&#8220;3.0.93&#8243; background_color=&#8220;#fdb467&#8243; border_radii=&#8220;on|100px|100px|100px|100px&#8220; custom_margin=&#8220;|8px||8px&#8220; custom_padding=&#8220;14px|14px|14px|14px&#8220; follow_button=&#8220;off&#8220; url_new_window=&#8220;on&#8220;]twitter[\/et_pb_social_media_follow_network][et_pb_social_media_follow_network social_network=&#8220;instagram&#8220; _builder_version=&#8220;3.0.93&#8243; background_color=&#8220;#fdb467&#8243; border_radii=&#8220;on|100px|100px|100px|100px&#8220; custom_margin=&#8220;|8px||8px&#8220; custom_padding=&#8220;14px|14px|14px|14px&#8220; follow_button=&#8220;off&#8220; url_new_window=&#8220;on&#8220;]instagram[\/et_pb_social_media_follow_network][et_pb_social_media_follow_network social_network=&#8220;youtube&#8220; _builder_version=&#8220;3.0.93&#8243; background_color=&#8220;#fdb467&#8243; border_radii=&#8220;on|100px|100px|100px|100px&#8220; custom_margin=&#8220;|8px||8px&#8220; custom_padding=&#8220;14px|14px|14px|14px&#8220; follow_button=&#8220;off&#8220; url_new_window=&#8220;on&#8220;]youtube[\/et_pb_social_media_follow_network][\/et_pb_social_media_follow][\/et_pb_column][\/et_pb_row][\/et_pb_section]<\/p>\n","protected":false},"excerpt":{"rendered":"<p>Ihre Fahrschule Eine Demo-Homepage f\u00fcr Fahrschulen und Firmen mit gutem Geschmack. Eine Webdesign Vorlage f\u00fcr Fahrschulen Sie haben eine Fahrschule und wollen auch online \u00fcberzeugen Alle Infos (030) 742 005 19 Nette Fahrlehrer mit Erfahrung Eine Fahrschule, die sich auch im Web freundlich und kompetent pr\u00e4sentiert, wird gerne gebucht. PKW, Motorrad, LKW Was hat Ihre [&hellip;]<\/p>\n","protected":false},"author":1,"featured_media":0,"parent":0,"menu_order":0,"comment_status":"closed","ping_status":"closed","template":"","meta":{"_et_pb_use_builder":"on","_et_pb_old_content":"","_et_gb_content_width":"","_wp_rev_ctl_limit":""},"_links":{"self":[{"href":"https:\/\/branchen.website-preise.de\/fahrschule\/wp-json\/wp\/v2\/pages\/3"}],"collection":[{"href":"https:\/\/branchen.website-preise.de\/fahrschule\/wp-json\/wp\/v2\/pages"}],"about":[{"href":"https:\/\/branchen.website-preise.de\/fahrschule\/wp-json\/wp\/v2\/types\/page"}],"author":[{"embeddable":true,"href":"https:\/\/branchen.website-preise.de\/fahrschule\/wp-json\/wp\/v2\/users\/1"}],"replies":[{"embeddable":true,"href":"https:\/\/branchen.website-preise.de\/fahrschule\/wp-json\/wp\/v2\/comments?post=3"}],"version-history":[{"count":0,"href":"https:\/\/branchen.website-preise.de\/fahrschule\/wp-json\/wp\/v2\/pages\/3\/revisions"}],"wp:attachment":[{"href":"https:\/\/branchen.website-preise.de\/fahrschule\/wp-json\/wp\/v2\/media?parent=3"}],"curies":[{"name":"wp","href":"https:\/\/api.w.org\/{rel}","templated":true}]}}